{"id":11625,"date":"2020-09-06T14:34:47","date_gmt":"2020-09-06T12:34:47","guid":{"rendered":"http:\/\/microportacademycrm.com\/?page_id=11625"},"modified":"2020-09-06T14:34:47","modified_gmt":"2020-09-06T12:34:47","slug":"cookie-policy","status":"publish","type":"page","link":"https:\/\/microportacademycrm.com\/fr\/cookie-policy\/","title":{"rendered":"Politique en mati\u00e8re de cookies"},"content":{"rendered":"<div class=\"productHeader\">\n<div class=\"productHeader__image\"><img decoding=\"async\" src=\"https:\/\/www.crm.microport.com\/wp-content\/themes\/livanova\/img\/tmp\/no-image.png\" alt=\"\" \/><\/div>\n<\/div>\n<div class=\"productBox0\">\n<h2 class=\"contentHeader__h1 contentHeader__h1--leftdownMargins\">Informations sur les cookies<\/h2>\n<div class=\"productBox0__wrapper\">\n<div class=\"textDetails\">\n<p>Les cookies sont de courts fichiers qui sont envoy\u00e9s et stock\u00e9s sur le disque dur de l'ordinateur de l'utilisateur via son navigateur lorsqu'il est connect\u00e9 \u00e0 un site web. Les cookies peuvent \u00eatre utilis\u00e9s pour recueillir et stocker les donn\u00e9es de l'utilisateur pendant qu'ils sont connect\u00e9s pour fournir les services demand\u00e9s et ne sont g\u00e9n\u00e9ralement pas conserv\u00e9s (cookies de session), ou pour stocker les donn\u00e9es de l'utilisateur pour un autre type de service futur, auquel cas elles peuvent \u00eatre stock\u00e9es pour une p\u00e9riode ind\u00e9finie (cookies persistants). Les cookies peuvent \u00eatre les n\u00f4tres ou ceux d'un tiers.<\/p>\n<p>Il existe diff\u00e9rents types de cookies :<\/p>\n<ul>\n<li>Cookies techniques qui facilitent la session de navigation de l'utilisateur et l'utilisation des diff\u00e9rentes options ou services offerts par le site web, tels que l'identification de la session, la possibilit\u00e9 d'acc\u00e9der \u00e0 certaines zones, la simplification des commandes, des achats, du remplissage des formulaires, des entr\u00e9es, de la s\u00e9curit\u00e9, la fourniture de fonctionnalit\u00e9s (vid\u00e9os, r\u00e9seaux sociaux).<\/li>\n<li>Les cookies de personnalisation qui permettent \u00e0 l'utilisateur d'acc\u00e9der aux services en fonction de ses pr\u00e9f\u00e9rences (langue, navigateur, configuration).<\/li>\n<li>Les cookies d'analyse qui permettent d'analyser de mani\u00e8re anonyme le comportement des utilisateurs du site web et de mesurer l'activit\u00e9 de l'utilisateur et de cr\u00e9er des profils de navigation pour am\u00e9liorer les sites web.<\/li>\n<li>Les cookies publicitaires aident \u00e0 g\u00e9rer les espaces publicitaires du site web.<\/li>\n<li>Cookies publicitaires perrsonnalis\u00e9s qui permettent de g\u00e9rer les espaces publicitaires du site web, en fonction du comportement et des habitudes de navigation de l'utilisateur, de cr\u00e9er leur profil et de personnaliser la publicit\u00e9 affich\u00e9e sur le navigateur de l'utilisateur.<\/li>\n<\/ul>\n<p>MicroPort\u00ae utilise ses propres cookies techniques, de personnalisation et d'analyse ainsi que ceux de tiers, qui ne traitent en aucun cas les donn\u00e9es personnelles mais capturent les habitudes de navigation \u00e0 des fins statistiques.<br \/>\nC'est pourquoi, lorsque vous acc\u00e9dez \u00e0 notre site web, nous vous demandons votre consentement pour l'utiliser.<\/p>\n<p>Nous vous informons que vous pouvez activer ou d\u00e9sactiver ces cookies en suivant les instructions de votre navigateur Internet.<\/p>\n<ul>\n<li>Chrome : Configuration -&gt; Afficher les options avanc\u00e9es -&gt; Confidentialit\u00e9 -&gt; configuration du contenu<\/li>\n<li>Firefox : Outils -&gt; Options -&gt; Vie priv\u00e9e -&gt; Historique -&gt; Configuration personnalis\u00e9e<\/li>\n<li>Internet Explorer : Outils -&gt; Options Internet -&gt; Confidentialit\u00e9 -&gt; Configuration<\/li>\n<li>Safari : Pr\u00e9f\u00e9rences -&gt; S\u00e9curit\u00e9<\/li>\n<li>Opera : Outils -&gt; Pr\u00e9f\u00e9rences -&gt; Modifier les pr\u00e9f\u00e9rences &gt; Cookies<\/li>\n<li>Edge : Configuration -&gt; Voir la configuration avanc\u00e9e -&gt; Confidentialit\u00e9 et services -&gt; Cookies<\/li>\n<\/ul>\n<\/div>\n<\/div>\n<\/div>","protected":false},"excerpt":{"rendered":"<p>Information on cookies Cookies are short files that are sent to and stored on the hard disk of the user\u2019s computer via its browser when it is connected to a website. Cookies can be used to gather and store the user\u2019s data while they are connected to provide the services requested and are not usually [&hellip;]<\/p>\n","protected":false},"author":14,"featured_media":0,"parent":0,"menu_order":0,"comment_status":"closed","ping_status":"closed","template":"","meta":{"_bbp_topic_count":0,"_bbp_reply_count":0,"_bbp_total_topic_count":0,"_bbp_total_reply_count":0,"_bbp_voice_count":0,"_bbp_anonymous_reply_count":0,"_bbp_topic_count_hidden":0,"_bbp_reply_count_hidden":0,"_bbp_forum_subforum_count":0,"footnotes":""},"class_list":["post-11625","page","type-page","status-publish","hentry"],"yoast_head":"<!-- This site is optimized with the Yoast SEO plugin v27.5 - https:\/\/yoast.com\/product\/yoast-seo-wordpress\/ -->\n<title>Cookie policy - MicroPort Academy<\/title>\n<meta name=\"robots\" content=\"index, follow, max-snippet:-1, max-image-preview:large, max-video-preview:-1\" \/>\n<link rel=\"canonical\" href=\"https:\/\/microportacademycrm.com\/fr\/cookie-policy\/\" class=\"yoast-seo-meta-tag\" \/>\n<meta property=\"og:locale\" content=\"fr_FR\" class=\"yoast-seo-meta-tag\" \/>\n<meta property=\"og:type\" content=\"article\" class=\"yoast-seo-meta-tag\" \/>\n<meta property=\"og:title\" content=\"Cookie policy - MicroPort Academy\" class=\"yoast-seo-meta-tag\" \/>\n<meta property=\"og:description\" content=\"Information on cookies Cookies are short files that are sent to and stored on the hard disk of the user\u2019s computer via its browser when it is connected to a website. Cookies can be used to gather and store the user\u2019s data while they are connected to provide the services requested and are not usually [&hellip;]\" class=\"yoast-seo-meta-tag\" \/>\n<meta property=\"og:url\" content=\"https:\/\/microportacademycrm.com\/fr\/cookie-policy\/\" class=\"yoast-seo-meta-tag\" \/>\n<meta property=\"og:site_name\" content=\"MicroPort Academy\" class=\"yoast-seo-meta-tag\" \/>\n<meta property=\"article:publisher\" content=\"https:\/\/www.facebook.com\/pages\/MicroPort-CRM\/233952373828051\" class=\"yoast-seo-meta-tag\" \/>\n<meta property=\"og:image\" content=\"https:\/\/www.crm.microport.com\/wp-content\/themes\/livanova\/img\/tmp\/no-image.png\" class=\"yoast-seo-meta-tag\" \/>\n<meta name=\"twitter:card\" content=\"summary_large_image\" class=\"yoast-seo-meta-tag\" \/>\n<meta name=\"twitter:label1\" content=\"Dur\u00e9e de lecture estim\u00e9e\" class=\"yoast-seo-meta-tag\" \/>\n\t<meta name=\"twitter:data1\" content=\"2 minutes\" class=\"yoast-seo-meta-tag\" \/>\n<script type=\"application\/ld+json\" class=\"yoast-schema-graph\">{\"@context\":\"https:\\\/\\\/schema.org\",\"@graph\":[{\"@type\":\"WebPage\",\"@id\":\"https:\\\/\\\/microportacademycrm.com\\\/cookie-policy\\\/\",\"url\":\"https:\\\/\\\/microportacademycrm.com\\\/cookie-policy\\\/\",\"name\":\"Cookie policy - MicroPort Academy\",\"isPartOf\":{\"@id\":\"https:\\\/\\\/microportacademycrm.com\\\/#website\"},\"primaryImageOfPage\":{\"@id\":\"https:\\\/\\\/microportacademycrm.com\\\/cookie-policy\\\/#primaryimage\"},\"image\":{\"@id\":\"https:\\\/\\\/microportacademycrm.com\\\/cookie-policy\\\/#primaryimage\"},\"thumbnailUrl\":\"https:\\\/\\\/www.crm.microport.com\\\/wp-content\\\/themes\\\/livanova\\\/img\\\/tmp\\\/no-image.png\",\"datePublished\":\"2020-09-06T12:34:47+00:00\",\"breadcrumb\":{\"@id\":\"https:\\\/\\\/microportacademycrm.com\\\/cookie-policy\\\/#breadcrumb\"},\"inLanguage\":\"fr-FR\",\"potentialAction\":[{\"@type\":\"ReadAction\",\"target\":[\"https:\\\/\\\/microportacademycrm.com\\\/cookie-policy\\\/\"]}]},{\"@type\":\"ImageObject\",\"inLanguage\":\"fr-FR\",\"@id\":\"https:\\\/\\\/microportacademycrm.com\\\/cookie-policy\\\/#primaryimage\",\"url\":\"https:\\\/\\\/www.crm.microport.com\\\/wp-content\\\/themes\\\/livanova\\\/img\\\/tmp\\\/no-image.png\",\"contentUrl\":\"https:\\\/\\\/www.crm.microport.com\\\/wp-content\\\/themes\\\/livanova\\\/img\\\/tmp\\\/no-image.png\"},{\"@type\":\"BreadcrumbList\",\"@id\":\"https:\\\/\\\/microportacademycrm.com\\\/cookie-policy\\\/#breadcrumb\",\"itemListElement\":[{\"@type\":\"ListItem\",\"position\":1,\"name\":\"Home\",\"item\":\"https:\\\/\\\/microportacademycrm.com\\\/\"},{\"@type\":\"ListItem\",\"position\":2,\"name\":\"Cookie policy\"}]},{\"@type\":\"WebSite\",\"@id\":\"https:\\\/\\\/microportacademycrm.com\\\/#website\",\"url\":\"https:\\\/\\\/microportacademycrm.com\\\/\",\"name\":\"MicroPort Academy\",\"description\":\"Master MicroPort CRM!\",\"publisher\":{\"@id\":\"https:\\\/\\\/microportacademycrm.com\\\/#organization\"},\"potentialAction\":[{\"@type\":\"SearchAction\",\"target\":{\"@type\":\"EntryPoint\",\"urlTemplate\":\"https:\\\/\\\/microportacademycrm.com\\\/?s={search_term_string}\"},\"query-input\":{\"@type\":\"PropertyValueSpecification\",\"valueRequired\":true,\"valueName\":\"search_term_string\"}}],\"inLanguage\":\"fr-FR\"},{\"@type\":\"Organization\",\"@id\":\"https:\\\/\\\/microportacademycrm.com\\\/#organization\",\"name\":\"MicroPort Academy\",\"alternateName\":\"MicroPort CRM\",\"url\":\"https:\\\/\\\/microportacademycrm.com\\\/\",\"logo\":{\"@type\":\"ImageObject\",\"inLanguage\":\"fr-FR\",\"@id\":\"https:\\\/\\\/microportacademycrm.com\\\/#\\\/schema\\\/logo\\\/image\\\/\",\"url\":\"https:\\\/\\\/microportacademycrm.com\\\/wp-content\\\/uploads\\\/2019\\\/09\\\/logo-menu.jpg\",\"contentUrl\":\"https:\\\/\\\/microportacademycrm.com\\\/wp-content\\\/uploads\\\/2019\\\/09\\\/logo-menu.jpg\",\"width\":2940,\"height\":840,\"caption\":\"MicroPort Academy\"},\"image\":{\"@id\":\"https:\\\/\\\/microportacademycrm.com\\\/#\\\/schema\\\/logo\\\/image\\\/\"},\"sameAs\":[\"https:\\\/\\\/www.facebook.com\\\/pages\\\/MicroPort-CRM\\\/233952373828051\"]}]}<\/script>\n<!-- \/ Yoast SEO plugin. -->","yoast_head_json":{"title":"Cookie policy - MicroPort Academy","robots":{"index":"index","follow":"follow","max-snippet":"max-snippet:-1","max-image-preview":"max-image-preview:large","max-video-preview":"max-video-preview:-1"},"canonical":"https:\/\/microportacademycrm.com\/fr\/cookie-policy\/","og_locale":"fr_FR","og_type":"article","og_title":"Cookie policy - MicroPort Academy","og_description":"Information on cookies Cookies are short files that are sent to and stored on the hard disk of the user\u2019s computer via its browser when it is connected to a website. Cookies can be used to gather and store the user\u2019s data while they are connected to provide the services requested and are not usually [&hellip;]","og_url":"https:\/\/microportacademycrm.com\/fr\/cookie-policy\/","og_site_name":"MicroPort Academy","article_publisher":"https:\/\/www.facebook.com\/pages\/MicroPort-CRM\/233952373828051","og_image":[{"url":"https:\/\/www.crm.microport.com\/wp-content\/themes\/livanova\/img\/tmp\/no-image.png","type":"","width":"","height":""}],"twitter_card":"summary_large_image","twitter_misc":{"Dur\u00e9e de lecture estim\u00e9e":"2 minutes"},"schema":{"@context":"https:\/\/schema.org","@graph":[{"@type":"WebPage","@id":"https:\/\/microportacademycrm.com\/cookie-policy\/","url":"https:\/\/microportacademycrm.com\/cookie-policy\/","name":"Cookie policy - MicroPort Academy","isPartOf":{"@id":"https:\/\/microportacademycrm.com\/#website"},"primaryImageOfPage":{"@id":"https:\/\/microportacademycrm.com\/cookie-policy\/#primaryimage"},"image":{"@id":"https:\/\/microportacademycrm.com\/cookie-policy\/#primaryimage"},"thumbnailUrl":"https:\/\/www.crm.microport.com\/wp-content\/themes\/livanova\/img\/tmp\/no-image.png","datePublished":"2020-09-06T12:34:47+00:00","breadcrumb":{"@id":"https:\/\/microportacademycrm.com\/cookie-policy\/#breadcrumb"},"inLanguage":"fr-FR","potentialAction":[{"@type":"ReadAction","target":["https:\/\/microportacademycrm.com\/cookie-policy\/"]}]},{"@type":"ImageObject","inLanguage":"fr-FR","@id":"https:\/\/microportacademycrm.com\/cookie-policy\/#primaryimage","url":"https:\/\/www.crm.microport.com\/wp-content\/themes\/livanova\/img\/tmp\/no-image.png","contentUrl":"https:\/\/www.crm.microport.com\/wp-content\/themes\/livanova\/img\/tmp\/no-image.png"},{"@type":"BreadcrumbList","@id":"https:\/\/microportacademycrm.com\/cookie-policy\/#breadcrumb","itemListElement":[{"@type":"ListItem","position":1,"name":"Home","item":"https:\/\/microportacademycrm.com\/"},{"@type":"ListItem","position":2,"name":"Cookie policy"}]},{"@type":"WebSite","@id":"https:\/\/microportacademycrm.com\/#website","url":"https:\/\/microportacademycrm.com\/","name":"Bienvenue \u00e0 MicroPort Academy CRM","description":"Ma\u00eetrisez le CRM MicroPort !","publisher":{"@id":"https:\/\/microportacademycrm.com\/#organization"},"potentialAction":[{"@type":"SearchAction","target":{"@type":"EntryPoint","urlTemplate":"https:\/\/microportacademycrm.com\/?s={search_term_string}"},"query-input":{"@type":"PropertyValueSpecification","valueRequired":true,"valueName":"search_term_string"}}],"inLanguage":"fr-FR"},{"@type":"Organization","@id":"https:\/\/microportacademycrm.com\/#organization","name":"Bienvenue \u00e0 MicroPort Academy CRM","alternateName":"MicroPort CRM","url":"https:\/\/microportacademycrm.com\/","logo":{"@type":"ImageObject","inLanguage":"fr-FR","@id":"https:\/\/microportacademycrm.com\/#\/schema\/logo\/image\/","url":"https:\/\/microportacademycrm.com\/wp-content\/uploads\/2019\/09\/logo-menu.jpg","contentUrl":"https:\/\/microportacademycrm.com\/wp-content\/uploads\/2019\/09\/logo-menu.jpg","width":2940,"height":840,"caption":"MicroPort Academy"},"image":{"@id":"https:\/\/microportacademycrm.com\/#\/schema\/logo\/image\/"},"sameAs":["https:\/\/www.facebook.com\/pages\/MicroPort-CRM\/233952373828051"]}]}},"_links":{"self":[{"href":"https:\/\/microportacademycrm.com\/fr\/wp-json\/wp\/v2\/pages\/11625","targetHints":{"allow":["GET"]}}],"collection":[{"href":"https:\/\/microportacademycrm.com\/fr\/wp-json\/wp\/v2\/pages"}],"about":[{"href":"https:\/\/microportacademycrm.com\/fr\/wp-json\/wp\/v2\/types\/page"}],"author":[{"embeddable":true,"href":"https:\/\/microportacademycrm.com\/fr\/wp-json\/wp\/v2\/users\/14"}],"replies":[{"embeddable":true,"href":"https:\/\/microportacademycrm.com\/fr\/wp-json\/wp\/v2\/comments?post=11625"}],"version-history":[{"count":1,"href":"https:\/\/microportacademycrm.com\/fr\/wp-json\/wp\/v2\/pages\/11625\/revisions"}],"predecessor-version":[{"id":11626,"href":"https:\/\/microportacademycrm.com\/fr\/wp-json\/wp\/v2\/pages\/11625\/revisions\/11626"}],"wp:attachment":[{"href":"https:\/\/microportacademycrm.com\/fr\/wp-json\/wp\/v2\/media?parent=11625"}],"curies":[{"name":"wp","href":"https:\/\/api.w.org\/{rel}","templated":true}]}}